{"id":760,"date":"2019-09-23T18:46:19","date_gmt":"2019-09-23T17:46:19","guid":{"rendered":"https:\/\/contador.cz\/?page_id=760"},"modified":"2019-09-23T18:46:20","modified_gmt":"2019-09-23T17:46:20","slug":"zasady-zpracovani-osobnich-udaju","status":"publish","type":"page","link":"https:\/\/contador.cz\/?page_id=760","title":{"rendered":"Z\u00e1sady zpracov\u00e1n\u00ed osobn\u00edch \u00fadaj\u016f"},"content":{"rendered":"\n<p style=\"text-align:center\">VA\u0160E DATA JSOU U\u00a0N\u00c1S V\u00a0BEZPE\u010c\u00cd<\/p>\n\n\n\n<p style=\"text-align:center\">Pokud jste  na\u0161\u00edm odb\u011bratelem novinek nebo n\u00e1v\u0161t\u011bvn\u00edkem webu, sv\u011b\u0159ujete n\u00e1m sv\u00e9 osobn\u00ed \u00fadaje.\u00a0 Zodpov\u00edd\u00e1me  za\u00a0jejich ochranu a\u00a0zabezpe\u010den\u00ed. Seznamte se, pros\u00edm, <strong>s ochranou osobn\u00edch \u00fadaj\u016f, z\u00e1sadami a\u00a0pr\u00e1vy, kter\u00e9 m\u00e1te v\u00a0souvislosti s\u00a0GDPR (Na\u0159\u00edzen\u00ed o\u00a0ochran\u011b osobn\u00edch \u00fadaj\u016f).<\/strong><\/p>\n\n\n\n<p style=\"text-align:center\">\u00a0<strong>Kdo je spr\u00e1vce?<\/strong><\/p>\n\n\n\n<p style=\"text-align:center\">Zora Matou\u0161kov\u00e1 pro fyzickou osobu podnikaj\u00edc\u00ed Zora Matou\u0161kov\u00e1, Nad Cihelnou 341, 257 21 Po\u0159\u00ed\u010d\u00ed nad S\u00e1zavou I\u010c:48696145 pl\u00e1tce DPH<\/p>\n\n\n\n<p style=\"text-align:center\">Provozujeme webov\u00e9 str\u00e1nky www.contador.cz.  V\u016f\u010di Va\u0161im osobn\u00edm <strong>\u00fadaj\u016fm jsme v\u00a0pozici spr\u00e1vce:<\/strong> ur\u010dujeme jak budou osobn\u00ed \u00fadaje zpracov\u00e1v\u00e1ny,\u00a0za jak\u00fdm \u00fa\u010delem, po\u00a0jak dlouhou dobu a\u00a0vyb\u00edr\u00e1me p\u0159\u00edpadn\u00e9 dal\u0161\u00ed zpracovatele, kte\u0159\u00ed n\u00e1m se zpracov\u00e1n\u00edm budou pom\u00e1hat.<\/p>\n\n\n\n<p style=\"text-align:center\"><strong>Jak n\u00e1s m\u016f\u017eete kontaktovat?<\/strong><\/p>\n\n\n\n<p style=\"text-align:center\">m\u016f\u017eete vyu\u017e\u00edt emailovou adresu matouskova@contador.cz<\/p>\n\n\n\n<p style=\"text-align:center\"><strong>Spr\u00e1vce Va\u0161ich osobn\u00edch \u00fadaj\u016f spl\u0148uje ve\u0161ker\u00e9 z\u00e1konn\u00e9 povinnosti vy\u017eadovan\u00e9 platnou legislativou, zejm\u00e9na z\u00e1konem o\u00a0ochran\u011b osobn\u00edch \u00fadaj\u016f a\u00a0GDPR, a\u00a0tedy \u017ee:<\/strong><\/p>\n\n\n\n<ul><li>bude zpracov\u00e1vat Va\u0161e osobn\u00ed \u00fadaje jen na\u00a0z\u00e1klad\u011b platn\u00e9ho pr\u00e1vn\u00edho d\u016fvodu, a\u00a0to p\u0159edev\u0161\u00edm opr\u00e1vn\u011bn\u00e9ho z\u00e1jmu \u010di ud\u011blen\u00e9ho souhlasu<\/li><li>pln\u00ed dle \u010dl\u00e1nku 13 GDPR informa\u010dn\u00ed povinnost je\u0161t\u011b p\u0159ed zah\u00e1jen\u00edm zpracov\u00e1n\u00ed osobn\u00edch \u00fadaj\u016f<\/li><li>umo\u017en\u00ed V\u00e1m a\u00a0bude V\u00e1s podporovat v\u00a0uplat\u0148ov\u00e1n\u00ed a\u00a0pln\u011bn\u00ed Va\u0161ich pr\u00e1v podle z\u00e1kona o\u00a0ochran\u011b\u00a0osobn\u00edch \u00fadaj\u016f a\u00a0GDPR<\/li><\/ul>\n\n\n\n<p style=\"text-align:center\"><strong>Rozsah osobn\u00edch \u00fadaj\u016f a&nbsp;\u00fa\u010del zpracov\u00e1n\u00ed, marketing<\/strong><\/p>\n\n\n\n<p style=\"text-align:center\">Osobn\u00ed \u00fadaje zpracov\u00e1v\u00e1me na z\u00e1klad\u011b V\u00e1mi ud\u011blen\u00e9ho souhlasu a\u00a0to z\u00a0n\u00e1sleduj\u00edc\u00edch d\u016fvod\u016f (pro napln\u011bn\u00ed t\u011bchto \u00fa\u010del\u016f):<\/p>\n\n\n\n<p style=\"text-align:center\">V p\u0159\u00edpad\u011b nav\u0161t\u00edven\u00ed na\u0161ich str\u00e1nek, zaznamen\u00e1v\u00e1me standardn\u00edm zp\u016fsobem IP adresu, p\u0159id\u011blenou va\u0161\u00edm poskytovatelem, www str\u00e1nku, z\u00a0kter\u00e9 n\u00e1s nav\u0161t\u00edv\u00edte, jednotliv\u00e9 nav\u0161t\u00edven\u00e9 str\u00e1nky na\u0161eho webu a\u00a0datum a\u00a0d\u00e9lku va\u0161\u00ed n\u00e1v\u0161t\u011bvy. Dal\u0161\u00ed osobn\u00ed \u00fadaje typu jm\u00e9na, emailu, kontakt\u016f a\u00a0dal\u0161\u00edch zaznamen\u00e1v\u00e1me  jen v\u00a0p\u0159\u00edpad\u011b, \u017ee je poskytnete dobrovoln\u011b v\u00a0r\u00e1mci registrace na\u00a0na\u0161em webu, sout\u011b\u017e\u00ed, vypln\u011bn\u00ed formul\u00e1\u0159\u016f \u010di anket. Sesb\u00edran\u00e9 obchodn\u00ed \u00fadaje jsou vyu\u017e\u00edv\u00e1ny pro \u00fa\u010dely technick\u00e9 spr\u00e1vy webu, webov\u00e9 analytiky, v\u00a0r\u00e1mci anket \u010di pro marketingov\u00e9 \u00fa\u010dely v\u017edy pouze v\u00a0p\u0159im\u011b\u0159en\u00e9m rozsahu. \u00a0Va\u0161e osobn\u00ed \u00fadaje vyu\u017e\u00edv\u00e1me  k\u00a0tomu, abychom V\u00e1s informovali o\u00a0nab\u00eddk\u00e1ch \u010di slu\u017eb\u00e1ch, kter\u00e9 poskytujeme, p\u0159\u00edpadn\u011b k\u00a0dal\u0161\u00ed komunikaci v\u00a0r\u00e1mci na\u0161\u00ed obchodn\u00ed strategie. \u00da\u010dast na\u00a0informac\u00edch tohoto typu je zcela dobrovoln\u00e1 a\u00a0nem\u00e1te-li z\u00e1jem o\u00a0informace tohoto typu, m\u016f\u017eete n\u00e1s kontaktovat a\u00a0kdykoliv se tak od nich odhl\u00e1sit.<\/p>\n\n\n\n<p style=\"text-align:center\"><strong>P\u0159ed\u00e1v\u00e1n\u00ed osobn\u00edch \u00fadaj\u016f 3. stran\u00e1m<\/strong><\/p>\n\n\n\n<p style=\"text-align:center\">\u00a0Pro zaji\u0161t\u011bn\u00ed n\u011bkter\u00fdch konkr\u00e9tn\u00edch zpracovatelsk\u00fdch operac\u00ed, kter\u00e9 nedok\u00e1\u017eeme zajistit vlastn\u00edmi silami, vyu\u017e\u00edv\u00e1me slu\u017eeb a\u00a0aplikac\u00ed zpracovatel\u016f, kte\u0159\u00ed se na\u00a0dan\u00e9 zpracov\u00e1n\u00ed specializuj\u00ed a\u00a0jsou v\u00a0souladu s\u00a0GDPR.<\/p>\n\n\n\n<p style=\"text-align:center\">&nbsp;<strong>Jsou to poskytovatel\u00e9 n\u00e1sleduj\u00edc\u00edch platforem a&nbsp;slu\u017eeb<\/strong>:<\/p>\n\n\n\n<p style=\"text-align:center\">Facebook &#8211; FB pixel &#8211; Facebook Ireland Ltd, Dublin 2, Irsko, VAT IE9692928F a Google &#8211; Google Analytics &#8211; Google Inc., 1600 Amphitheatre Parkway, Mountain View, CA 94043, USA\u00a0<\/p>\n\n\n\n<p style=\"text-align:center\"><strong>Cookies<\/strong><\/p>\n\n\n\n<p style=\"text-align:center\">Pro usnadn\u011bn\u00ed Va\u0161\u00ed orientace a\u00a0pohybu na\u00a0na\u0161ich str\u00e1nk\u00e1ch vyu\u017e\u00edv\u00e1me ukl\u00e1d\u00e1n\u00ed soubor\u016f cookies v\u00a0prohl\u00ed\u017ee\u010di n\u00e1v\u0161t\u011bvn\u00edk\u016f. Tento web pou\u017e\u00edv\u00e1 cookies k\u00a0tomu, abychom mohli sledovat preference n\u00e1v\u0161t\u011bvn\u00edk\u016f a\u00a0podle toho optim\u00e1ln\u011b vytv\u00e1\u0159et webov\u00e9 str\u00e1nky. Cookies jsou mal\u00e9 \u201csoubory\u201d, kter\u00e9 se ulo\u017e\u00ed na\u00a0V\u00e1\u0161 pevn\u00fd disk. To vede k\u00a0usnadn\u011bn\u00ed navigace a\u00a0zaji\u0161t\u011bn\u00ed vysok\u00e9 m\u00edry u\u017eivatelsk\u00e9ho komfortu webov\u00e9 str\u00e1nky. Cookies se mohou vyu\u017e\u00edvat ke zji\u0161t\u011bn\u00ed, zda jste u\u017e ze sv\u00e9ho po\u010d\u00edta\u010de nav\u0161t\u00edvili na\u0161e str\u00e1nky. Identifikuje se pouze cookies na\u00a0va\u0161em po\u010d\u00edta\u010di.<\/p>\n\n\n\n<p style=\"text-align:center\">Na\u0161e webov\u00e9 str\u00e1nky lze proch\u00e1zet tak\u00e9 v\u00a0re\u017eimu, kter\u00fd neumo\u017e\u0148uje sb\u00edr\u00e1n\u00ed osobn\u00edch \u00fadaj\u016f. Pou\u017e\u00edv\u00e1n\u00ed cookies m\u016f\u017eete na\u00a0sv\u00e9m po\u010d\u00edta\u010di v\u00a0internetov\u00e9m prohl\u00ed\u017ee\u010di zak\u00e1zat. <strong>Pou\u017e\u00edv\u00e1n\u00ed cookies m\u016f\u017eete deaktivovat ve va\u0161em internetov\u00e9m prohl\u00ed\u017ee\u010di.<\/strong><\/p>\n\n\n\n<p style=\"text-align:center\"><strong>Zabezpe\u010den\u00ed a\u00a0ochrana osobn\u00edch \u00fadaj\u016f<\/strong><\/p>\n\n\n\n<p style=\"text-align:center\">P\u0159ij\u00edm\u00e1me takov\u00e1 technick\u00e1 a\u00a0organiza\u010dn\u00ed bezpe\u010dnostn\u00ed opat\u0159en\u00ed, aby chr\u00e1nila u\u00a0n\u00e1s veden\u00e9 \u00fadaje proti manipulaci, ztr\u00e1t\u011b, zni\u010den\u00ed a\u00a0z\u00e1sahu nepovolan\u00fdch osob. Na\u0161e bezpe\u010dnostn\u00ed opat\u0159en\u00ed se s\u00a0v\u00fdvojem technologi\u00ed neust\u00e1le zlep\u0161uj\u00ed.<\/p>\n\n\n\n<p style=\"text-align:center\"><strong>P\u0159ed\u00e1v\u00e1n\u00ed dat mimo EU<\/strong><\/p>\n\n\n\n<p style=\"text-align:center\">Data zpracov\u00e1v\u00e1me v\u00fdhradn\u011b v\u00a0Evropsk\u00e9 unii nebo v\u00a0zem\u00edch, kter\u00e9 zaji\u0161\u0165uj\u00ed odpov\u00eddaj\u00edc\u00ed \u00farove\u0148 ochrany na\u00a0z\u00e1klad\u011b rozhodnut\u00ed Evropsk\u00e9 komise.<\/p>\n\n\n\n<p style=\"text-align:center\"><strong>Va\u0161e pr\u00e1va v\u00a0souvislosti ochranou osobn\u00edch \u00fadaj\u016f<\/strong><\/p>\n\n\n\n<p style=\"text-align:center\"><strong>Pr\u00e1vo na&nbsp;informace<\/strong>, kter\u00e9 je pln\u011bno ji\u017e touto informa\u010dn\u00ed str\u00e1nku se z\u00e1sadami zpracov\u00e1n\u00ed osobn\u00edch \u00fadaj\u016f.<\/p>\n\n\n\n<p style=\"text-align:center\"><strong>Pr\u00e1vo na&nbsp;p\u0159\u00edstup<\/strong>, m\u016f\u017eete m\u011b kdykoli vyzvat a&nbsp;j\u00e1 v\u00e1m dolo\u017e\u00edm ve lh\u016ft\u011b 30 dn\u00ed, jak\u00e9 va\u0161e osobn\u00ed \u00fadaje zpracov\u00e1v\u00e1me a&nbsp;pro\u010d.<\/p>\n\n\n\n<p style=\"text-align:center\"><strong>Pr\u00e1vo na&nbsp;dopln\u011bn\u00ed a&nbsp;zm\u011bnu osobn\u00edch \u00fadaj\u016f<\/strong>, pokud se u&nbsp;v\u00e1s n\u011bco zm\u011bn\u00ed nebo shled\u00e1te sv\u00e9 osobn\u00ed \u00fadaje neaktu\u00e1ln\u00ed nebo ne\u00fapln\u00e9.<\/p>\n\n\n\n<p style=\"text-align:center\"><strong>Pr\u00e1vo na&nbsp;omezen\u00ed zpracov\u00e1n\u00ed <\/strong>m\u016f\u017eete vyu\u017e\u00edt, pokud se domn\u00edv\u00e1te, \u017ee zpracov\u00e1v\u00e1m va\u0161e nep\u0159esn\u00e9 \u00fadaje, domn\u00edv\u00e1te se, \u017ee prov\u00e1d\u00edm zpracov\u00e1n\u00ed nez\u00e1konn\u011b, ale nechcete v\u0161echny \u00fadaje smazat nebo pokud vznesete n\u00e1mitku proti zpracov\u00e1n\u00ed. Omezit m\u016f\u017eete rozsah osobn\u00edch \u00fadaj\u016f nebo \u00fa\u010del\u016f zpracov\u00e1n\u00ed. (Nap\u0159. odhl\u00e1\u0161en\u00edm z&nbsp;newsletteru omezujete \u00fa\u010del zpracov\u00e1n\u00ed pro zas\u00edl\u00e1n\u00ed obchodn\u00edch sd\u011blen\u00ed.)<\/p>\n\n\n\n<p style=\"text-align:center\"><strong>Pr\u00e1vo na&nbsp;p\u0159enositelnost, <\/strong>pokud byste cht\u011bli sv\u00e9 osobn\u00ed \u00fadaje vz\u00edt a&nbsp;p\u0159en\u00e9st k&nbsp;n\u011bkomu jin\u00e9mu, budu postupovat stejn\u011b jako p\u0159i vyu\u017eit\u00ed pr\u00e1va na&nbsp;p\u0159\u00edstup &#8211; jen s&nbsp;t\u00edm rozd\u00edlem, \u017ee v\u00e1m informace dod\u00e1m ve strojov\u011b \u010diteln\u00e9 podob\u011b. Tady pot\u0159ebujeme alespo\u0148 30 dn\u00ed.<\/p>\n\n\n\n<p style=\"text-align:center\"><strong>Pr\u00e1vo na\u00a0v\u00fdmaz (b\u00fdt zapomenut). <\/strong>Va\u0161\u00edm dal\u0161\u00edm pr\u00e1vem je pr\u00e1vo na\u00a0v\u00fdmaz (b\u00fdt zapomenut). Nechci na\u00a0v\u00e1s zapomenout, ale pokud si to budete p\u0159\u00e1t, m\u00e1te na\u00a0to pr\u00e1vo. V\u00a0takov\u00e9m p\u0159\u00edpad\u011b vyma\u017eu ve\u0161ker\u00e9 va\u0161e osobn\u00ed \u00fadaje ze syst\u00e9mu i\u00a0ze syst\u00e9mu v\u0161ech d\u00edl\u010d\u00edch zpracovatel\u016f a\u00a0z\u00e1loh. Na\u00a0zaji\u0161t\u011bn\u00ed pr\u00e1va na\u00a0v\u00fdmaz pot\u0159ebujeme 30 dn\u00ed. O\u00a0dokon\u010den\u00ed v\u00fdmazu v\u00e1s budu informovat e-mailem.<\/p>\n\n\n\n<p style=\"text-align:center\"><strong>St\u00ed\u017enost u&nbsp;\u00da\u0159adu na&nbsp;ochranu osobn\u00edch \u00fadaj\u016f<\/strong><\/p>\n\n\n\n<p style=\"text-align:center\">Pokud m\u00e1te pocit, \u017ee s\u00a0Va\u0161imi \u00fadaji nezach\u00e1z\u00edme  v\u00a0souladu se z\u00e1konem, m\u00e1te pr\u00e1vo se se svou st\u00ed\u017enost\u00ed kdykoli obr\u00e1tit na\u00a0\u00da\u0159ad pro ochranu osobn\u00edch \u00fadaj\u016f. Budeme r\u00e1di, pokud nejprve budete o\u00a0tomto podez\u0159en\u00ed informovat n\u00e1s, abychom mohli p\u0159\u00edpadn\u00e9 pochyben\u00ed napravit.<\/p>\n\n\n\n<p style=\"text-align:center\"><strong>Odhl\u00e1\u0161en\u00ed ze zas\u00edl\u00e1n\u00ed obchodn\u00edch sd\u011blen\u00ed<\/strong><\/p>\n\n\n\n<p style=\"text-align:center\">E-maily s&nbsp;inspirac\u00ed, \u010dl\u00e1nky \u010di slu\u017eby v\u00e1m zas\u00edl\u00e1m na&nbsp;z\u00e1klad\u011b va\u0161eho souhlasu. Odhl\u00e1sit se m\u016f\u017eete prost\u0159ednictv\u00edm <strong>odhla\u0161ovac\u00edho odkazu v&nbsp;pati\u010dce ka\u017ed\u00e9ho e-mailu. <\/strong><\/p>\n\n\n\n<p style=\"text-align:center\"><strong>Ml\u010denlivost<\/strong><\/p>\n\n\n\n<p style=\"text-align:center\">Dovolujeme si V\u00e1s ujistit, \u017ee  jsme povinni zachov\u00e1vat ml\u010denlivost o\u00a0osobn\u00edch \u00fadaj\u00edch a\u00a0o bezpe\u010dnostn\u00edch opat\u0159en\u00edch, jejich\u017e zve\u0159ejn\u011bn\u00ed by ohrozilo zabezpe\u010den\u00ed Va\u0161ich osobn\u00edch \u00fadaj\u016f. Bez Va\u0161eho souhlasu nebudou Va\u0161e osobn\u00ed \u00fadaje vyd\u00e1ny \u017e\u00e1dn\u00e9 jin\u00e9 t\u0159et\u00ed stran\u011b.<\/p>\n\n\n\n<p>Tyto z\u00e1sady o ochran\u011b osobn\u00edch \u00fadaj\u016f jsou platn\u00e9 od 31.12.2018<\/p>\n\n\n\n<p><\/p>\n","protected":false},"excerpt":{"rendered":"<p>VA\u0160E DATA JSOU U\u00a0N\u00c1S V\u00a0BEZPE\u010c\u00cd Pokud jste na\u0161\u00edm odb\u011bratelem novinek nebo n\u00e1v\u0161t\u011bvn\u00edkem webu, sv\u011b\u0159ujete n\u00e1m sv\u00e9 osobn\u00ed \u00fadaje.\u00a0 Zodpov\u00edd\u00e1me za\u00a0jejich ochranu a\u00a0zabezpe\u010den\u00ed. Seznamte se, pros\u00edm, s ochranou osobn\u00edch \u00fadaj\u016f, z\u00e1sadami a\u00a0pr\u00e1vy, kter\u00e9 m\u00e1te v\u00a0souvislosti s\u00a0GDPR (Na\u0159\u00edzen\u00ed o\u00a0ochran\u011b osobn\u00edch \u00fadaj\u016f). \u00a0Kdo je spr\u00e1vce? Zora Matou\u0161kov\u00e1 pro fyzickou osobu podnikaj\u00edc\u00ed Zora Matou\u0161kov\u00e1, Nad Cihelnou 341, 257 21 &hellip;<\/p>\n<p class=\"read-more\"> <a class=\"\" href=\"https:\/\/contador.cz\/?page_id=760\"> <span class=\"screen-reader-text\">Z\u00e1sady zpracov\u00e1n\u00ed osobn\u00edch \u00fadaj\u016f<\/span> Pokra\u010dovat ve \u010dten\u00ed &raquo;<\/a><\/p>\n","protected":false},"author":1,"featured_media":0,"parent":0,"menu_order":0,"comment_status":"closed","ping_status":"closed","template":"","meta":{"site-sidebar-layout":"no-sidebar","site-content-layout":"plain-container","ast-global-header-display":"","ast-main-header-display":"","ast-hfb-above-header-display":"","ast-hfb-below-header-display":"","ast-hfb-mobile-header-display":"","site-post-title":"","ast-breadcrumbs-content":"","ast-featured-img":"","footer-sml-layout":"","theme-transparent-header-meta":"default","adv-header-id-meta":"","stick-header-meta":"","header-above-stick-meta":"","header-main-stick-meta":"","header-below-stick-meta":""},"_links":{"self":[{"href":"https:\/\/contador.cz\/index.php?rest_route=\/wp\/v2\/pages\/760"}],"collection":[{"href":"https:\/\/contador.cz\/index.php?rest_route=\/wp\/v2\/pages"}],"about":[{"href":"https:\/\/contador.cz\/index.php?rest_route=\/wp\/v2\/types\/page"}],"author":[{"embeddable":true,"href":"https:\/\/contador.cz\/index.php?rest_route=\/wp\/v2\/users\/1"}],"replies":[{"embeddable":true,"href":"https:\/\/contador.cz\/index.php?rest_route=%2Fwp%2Fv2%2Fcomments&post=760"}],"version-history":[{"count":3,"href":"https:\/\/contador.cz\/index.php?rest_route=\/wp\/v2\/pages\/760\/revisions"}],"predecessor-version":[{"id":763,"href":"https:\/\/contador.cz\/index.php?rest_route=\/wp\/v2\/pages\/760\/revisions\/763"}],"wp:attachment":[{"href":"https:\/\/contador.cz\/index.php?rest_route=%2Fwp%2Fv2%2Fmedia&parent=760"}],"curies":[{"name":"wp","href":"https:\/\/api.w.org\/{rel}","templated":true}]}}