{"id":733,"date":"2019-09-21T19:30:32","date_gmt":"2019-09-21T18:30:32","guid":{"rendered":"https:\/\/contador.cz\/?page_id=733"},"modified":"2019-09-21T22:56:00","modified_gmt":"2019-09-21T21:56:00","slug":"efektivni-podnikani-muze-byt-hracka","status":"publish","type":"page","link":"https:\/\/contador.cz\/","title":{"rendered":"Efektivn\u00ed podnik\u00e1n\u00ed m\u016f\u017ee b\u00fdt hra\u010dka"},"content":{"rendered":"\n<blockquote class=\"wp-block-quote\"><p>Dlouh\u00e1  l\u00e9ta se pohybuji v oblasti podnik\u00e1n\u00ed, jako profesion\u00e1ln\u00ed pozorovatel nebo jako aktivn\u00ed podnikatelka. V\u017edy mne velmi fascinovala neefektivita firem, navzdory tomu, \u017ee chyby lze mnohdy snadno eliminovat..<\/p><\/blockquote>\n\n\n\n<h2 style=\"text-align:center\"> &#8222;Pro\u010d my? Um\u00edme podnikat!&#8220;<\/h2>\n\n\n\n<div class=\"wp-block-image\"><figure class=\"aligncenter\"><img loading=\"lazy\" width=\"851\" height=\"315\" src=\"https:\/\/contador.cz\/wp-content\/uploads\/2016\/03\/12744279_1645332242399124_6794450676079120703_n.png\" alt=\"\" class=\"wp-image-493\" srcset=\"https:\/\/contador.cz\/wp-content\/uploads\/2016\/03\/12744279_1645332242399124_6794450676079120703_n.png 851w, https:\/\/contador.cz\/wp-content\/uploads\/2016\/03\/12744279_1645332242399124_6794450676079120703_n-300x111.png 300w, https:\/\/contador.cz\/wp-content\/uploads\/2016\/03\/12744279_1645332242399124_6794450676079120703_n-768x284.png 768w, https:\/\/contador.cz\/wp-content\/uploads\/2016\/03\/12744279_1645332242399124_6794450676079120703_n-50x19.png 50w\" sizes=\"(max-width: 851px) 100vw, 851px\" \/><\/figure><\/div>\n\n\n\n<h3 style=\"text-align:center\">\u00da\u010detn\u00ed a da\u0148ov\u00e1 \u010dinnost, podpora za\u010d\u00ednaj\u00edc\u00edch podnikatel\u016f, kou\u010dink, prodej a n\u00e1kup investi\u010dn\u00edch kov\u016f<\/h3>\n\n\n\n<p style=\"text-align:center\">Na\u0161i klienti n\u00e1m sv\u011b\u0159uj\u00ed veden\u00ed  \u00fa\u010detnictv\u00ed a my se k jejich firm\u00e1m chov\u00e1me s p\u00e9\u010d\u00ed \u0159\u00e1dn\u00e9ho hospod\u00e1\u0159e, tak jako bychom pe\u010dovali o svou vlastn\u00ed firmu. Je jedno jestli jste mikro, mal\u00e1, st\u0159edn\u00ed nebo velk\u00e1 firma. Pro v\u0161echny m\u00e1me \u0159e\u0161en\u00ed. Pro zpracov\u00e1n\u00ed \u00fa\u010detnictv\u00ed vyu\u017e\u00edv\u00e1me \u00fa\u010detn\u00ed syst\u00e9m MRP K\/S.  Drobn\u00ed podnikatel\u00e9 mohou vyu\u017e\u00edt pro import do na\u0161eho syst\u00e9mu slu\u017eby Turbofaktura (www.turbofaktura.cz) nebo zdarma dod\u00e1van\u00e9ho programu firmy MRP \u010di zakoupit pouze fakturaci MRP. Nebo n\u00e1m jednodu\u0161e p\u0159in\u00e9st \u010di zaslat doklady. V\u011bt\u0161\u00ed firmy vyu\u017e\u00edvaj\u00ed termin\u00e1lov\u00fd server pro online p\u0159\u00edstup do sv\u00e9ho \u00fa\u010detnictv\u00ed. M\u00e1te vlastn\u00ed program? Nevad\u00ed, i s t\u00edm si snadno porad\u00edme. Va\u0161i firemn\u00ed agendu zpracujeme komplexn\u011b, v\u010detn\u011b skladov\u00e9 evidence. Samoz\u0159ejmost\u00ed je tak\u00e9 \u00fa\u010detn\u00ed a da\u0148ov\u00e9 poradenstv\u00ed. Pro\u010d si vybrat pr\u00e1v\u011b n\u00e1s? Z vlastn\u00ed praxe zn\u00e1me chod v\u00fdrobn\u00ed a obchodn\u00ed firmy. V\u00edme, co pot\u0159ebujete pro stabilitu a perspektivu sv\u00e9 firmy. Na\u0161e \u00fa\u010detn\u00ed firma V\u00e1m poskytne pevn\u00e9 z\u00e1zem\u00ed pro \u00fasp\u011b\u0161n\u00e9 podnik\u00e1n\u00ed. A pro\u010d se zab\u00fdv\u00e1me i n\u00e1kupem a prodejem investi\u010dn\u00edch kov\u016f? Pro ka\u017edou firmu je d\u016fle\u017eit\u00e9 m\u00edt finan\u010dn\u00ed rezervy pro p\u0159\u00edpad nenad\u00e1l\u00fdch situac\u00ed.<\/p>\n","protected":false},"excerpt":{"rendered":"<p>Dlouh\u00e1 l\u00e9ta se pohybuji v oblasti podnik\u00e1n\u00ed, jako profesion\u00e1ln\u00ed pozorovatel nebo jako aktivn\u00ed podnikatelka. V\u017edy mne velmi fascinovala neefektivita firem, navzdory tomu, \u017ee chyby lze mnohdy snadno eliminovat.. &#8222;Pro\u010d my? Um\u00edme podnikat!&#8220; \u00da\u010detn\u00ed a da\u0148ov\u00e1 \u010dinnost, podpora za\u010d\u00ednaj\u00edc\u00edch podnikatel\u016f, kou\u010dink, prodej a n\u00e1kup investi\u010dn\u00edch kov\u016f Na\u0161i klienti n\u00e1m sv\u011b\u0159uj\u00ed veden\u00ed \u00fa\u010detnictv\u00ed a my se k &hellip;<\/p>\n<p class=\"read-more\"> <a class=\"\" href=\"https:\/\/contador.cz\/\"> <span class=\"screen-reader-text\">Efektivn\u00ed podnik\u00e1n\u00ed m\u016f\u017ee b\u00fdt hra\u010dka<\/span> Pokra\u010dovat ve \u010dten\u00ed &raquo;<\/a><\/p>\n","protected":false},"author":1,"featured_media":0,"parent":0,"menu_order":0,"comment_status":"closed","ping_status":"closed","template":"","meta":{"site-sidebar-layout":"default","site-content-layout":"default","ast-global-header-display":"","ast-main-header-display":"","ast-hfb-above-header-display":"","ast-hfb-below-header-display":"","ast-hfb-mobile-header-display":"","site-post-title":"","ast-breadcrumbs-content":"","ast-featured-img":"","footer-sml-layout":"","theme-transparent-header-meta":"default","adv-header-id-meta":"","stick-header-meta":"","header-above-stick-meta":"","header-main-stick-meta":"","header-below-stick-meta":""},"_links":{"self":[{"href":"https:\/\/contador.cz\/index.php?rest_route=\/wp\/v2\/pages\/733"}],"collection":[{"href":"https:\/\/contador.cz\/index.php?rest_route=\/wp\/v2\/pages"}],"about":[{"href":"https:\/\/contador.cz\/index.php?rest_route=\/wp\/v2\/types\/page"}],"author":[{"embeddable":true,"href":"https:\/\/contador.cz\/index.php?rest_route=\/wp\/v2\/users\/1"}],"replies":[{"embeddable":true,"href":"https:\/\/contador.cz\/index.php?rest_route=%2Fwp%2Fv2%2Fcomments&post=733"}],"version-history":[{"count":5,"href":"https:\/\/contador.cz\/index.php?rest_route=\/wp\/v2\/pages\/733\/revisions"}],"predecessor-version":[{"id":753,"href":"https:\/\/contador.cz\/index.php?rest_route=\/wp\/v2\/pages\/733\/revisions\/753"}],"wp:attachment":[{"href":"https:\/\/contador.cz\/index.php?rest_route=%2Fwp%2Fv2%2Fmedia&parent=733"}],"curies":[{"name":"wp","href":"https:\/\/api.w.org\/{rel}","templated":true}]}}