{"id":649,"date":"2018-12-06T12:48:47","date_gmt":"2018-12-06T11:48:47","guid":{"rendered":"https:\/\/contador.cz\/?page_id=649"},"modified":"2018-12-06T18:57:49","modified_gmt":"2018-12-06T17:57:49","slug":"investice","status":"publish","type":"page","link":"https:\/\/contador.cz\/?page_id=649","title":{"rendered":"INVESTICE"},"content":{"rendered":"<div style=\"width: 600px;\" class=\"wp-video\"><!--[if lt IE 9]><script>document.createElement('video');<\/script><![endif]-->\n<video class=\"wp-video-shortcode\" id=\"video-649-1\" width=\"600\" height=\"600\" poster=\"https:\/\/contador.cz\/wp-content\/uploads\/2018\/12\/46520437_2004759196285466_8636236886366486528_o.jpg\" preload=\"metadata\" controls=\"controls\"><source type=\"video\/mp4\" src=\"https:\/\/contador.cz\/wp-content\/uploads\/2018\/12\/40151433_1935320586764370_569386736597551643_n.mp4?_=1\" \/><a href=\"https:\/\/contador.cz\/wp-content\/uploads\/2018\/12\/40151433_1935320586764370_569386736597551643_n.mp4\">https:\/\/contador.cz\/wp-content\/uploads\/2018\/12\/40151433_1935320586764370_569386736597551643_n.mp4<\/a><\/video><\/div>\n<p>&nbsp;<\/p>\n<h4 style=\"text-align: left;\">Investi\u010dn\u00ed slitky kov\u016f prod\u00e1v\u00e1me za nejlep\u0161\u00ed ceny na trhu (n\u00e1kup kov\u016f p\u0159\u00edmo na Lond\u00fdnsk\u00e9 burze)\u00a0 a tak\u00e9 zaji\u0161\u0165ujeme jejich zp\u011btn\u00fd odkup za cenu London Fix -3% bez poplatk\u016f. Zaji\u0161\u0165ujeme postupn\u00fd n\u00e1kup kov\u016f a prodej \u0161perk\u016f bu\u010f ji\u017e z vytvo\u0159en\u00e9 kolekce nebo si m\u016f\u017eete navrhnout vlastn\u00ed \u0161perk.<\/h4>\n<p style=\"text-align: left;\">Spolupracujeme s firmou Att Investments, kter\u00e1 z\u00edskala v r\u00e1mci hodnocen\u00ed CZECH TOP 100 sc\u00f3ringov\u00e9 ocen\u011bn\u00ed CZECH Stability Award a za\u0159adila se tak mezi nejstabiln\u011bj\u0161\u00ed firmy v \u010cesk\u00e9 Republice <a href=\"https:\/\/contador.cz\/wp-content\/uploads\/2018\/12\/aaa_scoring.pdf\" target=\"_blank\" rel=\"noopener\">AAA scoring.pdf<\/a><\/p>\n<p style=\"text-align: left;\"><a href=\"https:\/\/contador.cz\/wp-content\/uploads\/2018\/12\/auto-1970-e1544118962964.jpg\"><img loading=\"lazy\" class=\"size-medium wp-image-657 alignleft\" src=\"https:\/\/contador.cz\/wp-content\/uploads\/2018\/12\/auto-1970-300x194.jpg\" alt=\"\" width=\"300\" height=\"194\" \/><\/a><br \/>\n<a href=\"https:\/\/contador.cz\/wp-content\/uploads\/2018\/12\/auto-2018.jpg\"><img loading=\"lazy\" class=\"size-medium wp-image-658 alignright\" src=\"https:\/\/contador.cz\/wp-content\/uploads\/2018\/12\/auto-2018-300x210.jpg\" alt=\"\" width=\"300\" height=\"210\" srcset=\"https:\/\/contador.cz\/wp-content\/uploads\/2018\/12\/auto-2018-300x210.jpg 300w, https:\/\/contador.cz\/wp-content\/uploads\/2018\/12\/auto-2018.jpg 374w\" sizes=\"(max-width: 300px) 100vw, 300px\" \/><\/a><\/p>\n<p><b>22.000 K\u010ds\u00a0 \u00a0<\/b><b>800 gr\/ZLATA<\/b><b>\u00a0\u00a0\u00a0 29.000 EUR\u00a0 \u00a0 \u00a0 \u00a0 \u00a0 \u00a0 \u00a0 \u00a0 \u00a0 \u00a0 \u00a0 \u00a0 \u00a0 \u00a0 \u00a0 \u00a0\u00a0<\/b><\/p>\n","protected":false},"excerpt":{"rendered":"<p>&nbsp; Investi\u010dn\u00ed slitky kov\u016f prod\u00e1v\u00e1me za nejlep\u0161\u00ed ceny na trhu (n\u00e1kup kov\u016f p\u0159\u00edmo na Lond\u00fdnsk\u00e9 burze)\u00a0 a tak\u00e9 zaji\u0161\u0165ujeme jejich zp\u011btn\u00fd odkup za cenu London Fix -3% bez poplatk\u016f. Zaji\u0161\u0165ujeme postupn\u00fd n\u00e1kup kov\u016f a prodej \u0161perk\u016f bu\u010f ji\u017e z vytvo\u0159en\u00e9 kolekce nebo si m\u016f\u017eete navrhnout vlastn\u00ed \u0161perk. Spolupracujeme s firmou Att Investments, kter\u00e1 z\u00edskala v &hellip;<\/p>\n<p class=\"read-more\"> <a class=\"\" href=\"https:\/\/contador.cz\/?page_id=649\"> <span class=\"screen-reader-text\">INVESTICE<\/span> Pokra\u010dovat ve \u010dten\u00ed &raquo;<\/a><\/p>\n","protected":false},"author":1,"featured_media":0,"parent":0,"menu_order":0,"comment_status":"closed","ping_status":"closed","template":"","meta":{"site-sidebar-layout":"default","site-content-layout":"default","ast-global-header-display":"","ast-main-header-display":"","ast-hfb-above-header-display":"","ast-hfb-below-header-display":"","ast-hfb-mobile-header-display":"","site-post-title":"","ast-breadcrumbs-content":"","ast-featured-img":"","footer-sml-layout":"","theme-transparent-header-meta":"","adv-header-id-meta":"","stick-header-meta":"","header-above-stick-meta":"","header-main-stick-meta":"","header-below-stick-meta":""},"_links":{"self":[{"href":"https:\/\/contador.cz\/index.php?rest_route=\/wp\/v2\/pages\/649"}],"collection":[{"href":"https:\/\/contador.cz\/index.php?rest_route=\/wp\/v2\/pages"}],"about":[{"href":"https:\/\/contador.cz\/index.php?rest_route=\/wp\/v2\/types\/page"}],"author":[{"embeddable":true,"href":"https:\/\/contador.cz\/index.php?rest_route=\/wp\/v2\/users\/1"}],"replies":[{"embeddable":true,"href":"https:\/\/contador.cz\/index.php?rest_route=%2Fwp%2Fv2%2Fcomments&post=649"}],"version-history":[{"count":2,"href":"https:\/\/contador.cz\/index.php?rest_route=\/wp\/v2\/pages\/649\/revisions"}],"predecessor-version":[{"id":659,"href":"https:\/\/contador.cz\/index.php?rest_route=\/wp\/v2\/pages\/649\/revisions\/659"}],"wp:attachment":[{"href":"https:\/\/contador.cz\/index.php?rest_route=%2Fwp%2Fv2%2Fmedia&parent=649"}],"curies":[{"name":"wp","href":"https:\/\/api.w.org\/{rel}","templated":true}]}}