{"id":362,"date":"2016-01-04T16:22:59","date_gmt":"2016-01-04T15:22:59","guid":{"rendered":"http:\/\/zmplast.cz\/?page_id=362"},"modified":"2021-08-05T10:29:31","modified_gmt":"2021-08-05T09:29:31","slug":"kontakt","status":"publish","type":"page","link":"https:\/\/contador.cz\/?page_id=362","title":{"rendered":"KONTAKT"},"content":{"rendered":"<pre><strong>Provozovna\n<\/strong>K S\u00e1dk\u00e1m 398\/9, Praha 16 Velk\u00e1 Chuchle, 159 00\n<strong>S\u00eddlo firmy<\/strong>\nKurzova 2222\/16,Praha 13 Stod\u016flky\nI\u010c:48696145       \nDI\u010c:CZ6461271410\n\n<strong>Telefon<\/strong>: +420 603 509 934\n<strong>Email<\/strong>: matouskova@contador.cz\n<strong>URL<\/strong>: www.contador.cz<\/pre>\n<p><a href=\"http:\/\/contador.cz\/wp-content\/uploads\/2016\/06\/messenger_code_1645111825754499.png\"><img loading=\"lazy\" class=\"alignnone size-medium wp-image-499\" src=\"http:\/\/contador.cz\/wp-content\/uploads\/2016\/06\/messenger_code_1645111825754499-300x300.png\" alt=\"messenger_code_1645111825754499\" width=\"300\" height=\"300\" srcset=\"https:\/\/contador.cz\/wp-content\/uploads\/2016\/06\/messenger_code_1645111825754499-300x300.png 300w, https:\/\/contador.cz\/wp-content\/uploads\/2016\/06\/messenger_code_1645111825754499-150x150.png 150w, https:\/\/contador.cz\/wp-content\/uploads\/2016\/06\/messenger_code_1645111825754499-50x50.png 50w, https:\/\/contador.cz\/wp-content\/uploads\/2016\/06\/messenger_code_1645111825754499.png 550w\" sizes=\"(max-width: 300px) 100vw, 300px\" \/><\/a>Zkop\u00edrujte si k\u00f3d na n\u00e1\u0161\u00a0Messenger<\/p>\n<p><a href=\"https:\/\/paypal.me\/contador1\" target=\"_blank\" rel=\"noopener\">Snadn\u00e1 platba PayPal.Me\u00a0<\/a><\/p>\n<h4>KONTAKTN\u00cd FORMUL\u00c1\u0158<\/h4>\n<p><div role=\"form\" class=\"wpcf7\" id=\"wpcf7-f480-o1\" lang=\"cs-CZ\" dir=\"ltr\">\n<div class=\"screen-reader-response\"><p role=\"status\" aria-live=\"polite\" aria-atomic=\"true\"><\/p> <ul><\/ul><\/div>\n<form action=\"\/index.php?rest_route=%2Fwp%2Fv2%2Fpages%2F362#wpcf7-f480-o1\" method=\"post\" class=\"wpcf7-form init\" novalidate=\"novalidate\" data-status=\"init\">\n<div style=\"display: none;\">\n<input type=\"hidden\" name=\"_wpcf7\" value=\"480\" \/>\n<input type=\"hidden\" name=\"_wpcf7_version\" value=\"5.6.4\" \/>\n<input type=\"hidden\" name=\"_wpcf7_locale\" value=\"cs_CZ\" \/>\n<input type=\"hidden\" name=\"_wpcf7_unit_tag\" value=\"wpcf7-f480-o1\" \/>\n<input type=\"hidden\" name=\"_wpcf7_container_post\" value=\"0\" \/>\n<input type=\"hidden\" name=\"_wpcf7_posted_data_hash\" value=\"\" \/>\n<\/div>\n<p>Va\u0161e jm\u00e9no (vy\u017eadov\u00e1no)<br \/>\n    <span class=\"wpcf7-form-control-wrap\" data-name=\"your-name\"><input type=\"text\" name=\"your-name\" value=\"\" size=\"40\" class=\"wpcf7-form-control wpcf7-text wpcf7-validates-as-required\" aria-required=\"true\" aria-invalid=\"false\" \/><\/span> <\/p>\n<p>V\u00e1\u0161 email (vy\u017eadov\u00e1no)<br \/>\n    <span class=\"wpcf7-form-control-wrap\" data-name=\"your-email\"><input type=\"email\" name=\"your-email\" value=\"\" size=\"40\" class=\"wpcf7-form-control wpcf7-text wpcf7-email wpcf7-validates-as-required wpcf7-validates-as-email\" aria-required=\"true\" aria-invalid=\"false\" \/><\/span> <\/p>\n<p>P\u0159edm\u011bt<br \/>\n    <span class=\"wpcf7-form-control-wrap\" data-name=\"your-subject\"><input type=\"text\" name=\"your-subject\" value=\"\" size=\"40\" class=\"wpcf7-form-control wpcf7-text\" aria-invalid=\"false\" \/><\/span> <\/p>\n<p>Va\u0161e zpr\u00e1va<br \/>\n    <span class=\"wpcf7-form-control-wrap\" data-name=\"your-message\"><textarea name=\"your-message\" cols=\"40\" rows=\"10\" class=\"wpcf7-form-control wpcf7-textarea\" aria-invalid=\"false\"><\/textarea><\/span> <\/p>\n<p><input type=\"submit\" value=\"Odeslat\" class=\"wpcf7-form-control has-spinner wpcf7-submit\" \/><\/p>\n<div class=\"wpcf7-response-output\" aria-hidden=\"true\"><\/div><\/form><\/div><br \/>\n<script>\/\/ <![CDATA[ (function(i,s,o,g,r,a,m){i['GoogleAnalyticsObject']=r;i[r]=i[r]||function(){ (i[r].q=i[r].q||[]).push(arguments)},i[r].l=1*new Date();a=s.createElement(o), m=s.getElementsByTagName(o)[0];a.async=1;a.src=g;m.parentNode.insertBefore(a,m) })(window,document,'script','\/\/www.google-analytics.com\/analytics.js','ga'); ga('create', 'UA-72761026-1', 'auto'); ga('send', 'pageview'); \/\/ ]]><\/script><\/p>\n","protected":false},"excerpt":{"rendered":"<p>Provozovna K S\u00e1dk\u00e1m 398\/9, Praha 16 Velk\u00e1 Chuchle, 159 00 S\u00eddlo firmy Kurzova 2222\/16,Praha 13 Stod\u016flky I\u010c:48696145 DI\u010c:CZ6461271410 Telefon: +420 603 509 934 Email: matouskova@contador.cz URL: www.contador.cz Zkop\u00edrujte si k\u00f3d na n\u00e1\u0161\u00a0Messenger Snadn\u00e1 platba PayPal.Me\u00a0 KONTAKTN\u00cd FORMUL\u00c1\u0158<\/p>\n","protected":false},"author":1,"featured_media":0,"parent":0,"menu_order":0,"comment_status":"closed","ping_status":"closed","template":"","meta":{"site-sidebar-layout":"default","site-content-layout":"default","ast-global-header-display":"","ast-main-header-display":"","ast-hfb-above-header-display":"","ast-hfb-below-header-display":"","ast-hfb-mobile-header-display":"","site-post-title":"","ast-breadcrumbs-content":"","ast-featured-img":"","footer-sml-layout":"","theme-transparent-header-meta":"default","adv-header-id-meta":"","stick-header-meta":"","header-above-stick-meta":"","header-main-stick-meta":"","header-below-stick-meta":""},"_links":{"self":[{"href":"https:\/\/contador.cz\/index.php?rest_route=\/wp\/v2\/pages\/362"}],"collection":[{"href":"https:\/\/contador.cz\/index.php?rest_route=\/wp\/v2\/pages"}],"about":[{"href":"https:\/\/contador.cz\/index.php?rest_route=\/wp\/v2\/types\/page"}],"author":[{"embeddable":true,"href":"https:\/\/contador.cz\/index.php?rest_route=\/wp\/v2\/users\/1"}],"replies":[{"embeddable":true,"href":"https:\/\/contador.cz\/index.php?rest_route=%2Fwp%2Fv2%2Fcomments&post=362"}],"version-history":[{"count":16,"href":"https:\/\/contador.cz\/index.php?rest_route=\/wp\/v2\/pages\/362\/revisions"}],"predecessor-version":[{"id":1041,"href":"https:\/\/contador.cz\/index.php?rest_route=\/wp\/v2\/pages\/362\/revisions\/1041"}],"wp:attachment":[{"href":"https:\/\/contador.cz\/index.php?rest_route=%2Fwp%2Fv2%2Fmedia&parent=362"}],"curies":[{"name":"wp","href":"https:\/\/api.w.org\/{rel}","templated":true}]}}