{"id":23,"date":"2014-05-03T12:13:04","date_gmt":"2014-05-03T11:13:04","guid":{"rendered":"http:\/\/zmplast.cz\/?page_id=23"},"modified":"2016-07-15T22:09:10","modified_gmt":"2016-07-15T21:09:10","slug":"ucetni-a-stavebni-poradenstvi","status":"publish","type":"page","link":"https:\/\/contador.cz\/?page_id=23","title":{"rendered":"VEDEN\u00cd \u00da\u010cETNICTV\u00cd"},"content":{"rendered":"<p><span style=\"color: #000080;\"><strong>Veden\u00ed \u00fa\u010detnictv\u00ed a poradenstv\u00ed<\/strong><\/span><\/p>\n<p style=\"text-align: left;\"><span style=\"color: #000000;\">Komplexn\u00ed veden\u00ed \u00fa\u010detnictv\u00ed,\u00a0da\u0148ov\u00e9 evidence, mezd. Zpracov\u00e1n\u00ed dan\u011b z p\u0159\u00edjm\u016f FO, PO, DPH, dan\u011b silni\u010dn\u00ed a v\u0161ech ostatn\u00edch typ\u016f dan\u00ed. Poradensk\u00e9 slu\u017eby ohledn\u011b dan\u00ed a \u00fa\u010detnictv\u00ed a ostatn\u00ed \u00fa\u010detn\u00ed slu\u017eby, finan\u010dn\u00ed poradenstv\u00ed.<\/span><\/p>\n<p style=\"text-align: left;\"><span style=\"color: #000000;\">M\u00e1m v\u00edce ne\u017e 25let praxe\u00a0v oboru, mou velkou devizou je vlastn\u00ed zku\u0161enost s dlouholet\u00fdm podnik\u00e1n\u00edm (stavebnictv\u00ed,v\u00fdroba oken,obchod,\u0161kolen\u00ed a dal\u0161\u00ed..)<\/span><\/p>\n<p style=\"text-align: center;\"><a title=\"orienta\u010dn\u00ed cen\u00edk\" href=\"http:\/\/contador.cz\/?page_id=233\">orienta\u010dn\u00ed cen\u00edk<\/a><\/p>\n<p style=\"text-align: left;\"><strong><span style=\"color: #000080;\">Stavebn\u00ed poradenstv\u00ed<\/span><\/strong><\/p>\n<p style=\"text-align: left;\"><span style=\"color: #000000;\">Rozhodli jste se stav\u011bt \u010di rekonstruovat? Nev\u00edte si rady se spr\u00e1vn\u00fdm v\u00fdb\u011brem materi\u00e1lu nebo proveden\u00edm stavebn\u00edch prac\u00ed? Ve sv\u00e9 praxi (20let ve stavebnictv\u00ed a 11 let v\u00fdroba a mont\u00e1\u017e oken) se velice \u010dasto setk\u00e1v\u00e1m s nespr\u00e1vn\u00fdm v\u00fdb\u011brem a kombinac\u00ed pou\u017eit\u00fdch materi\u00e1l\u016f a hlavn\u011b s nespr\u00e1vn\u00fdm proveden\u00edm prac\u00ed. Toto bohu\u017eel n\u00e1sledn\u011b v\u017edy vede k znehodnocen\u00ed p\u016fvodn\u00edho z\u00e1m\u011bru stavebn\u00edka. <\/span><\/p>\n<ul>\n<li>\n<div style=\"text-align: left;\">cena za 1 hodinu konzultace v m\u00e9 kancel\u00e1\u0159i 500,-K\u010d bez DPH<\/div>\n<\/li>\n<li>\n<div style=\"text-align: left;\">p\u0159i v\u00fdjezdu na stavbu \u00fa\u010dtuji 15,-K\u010d\/1km (v cen\u011b ji\u017e zahrnuta m\u00e1 \u010dasov\u00e1 mzda za dobu cesty na stavbu)<\/div>\n<\/li>\n<li>konzultace t\u00e9\u017e mo\u017en\u00e1 emailem \u010di po facebookov\u00e9m chatu\u00a0v p\u0159edem sjednan\u00e9m term\u00ednu<\/li>\n<\/ul>\n<p><script>\/\/ <![CDATA[\n(function(i,s,o,g,r,a,m){i['GoogleAnalyticsObject']=r;i[r]=i[r]||function(){ (i[r].q=i[r].q||[]).push(arguments)},i[r].l=1*new Date();a=s.createElement(o), m=s.getElementsByTagName(o)[0];a.async=1;a.src=g;m.parentNode.insertBefore(a,m) })(window,document,'script','\/\/www.google-analytics.com\/analytics.js','ga'); ga('create', 'UA-72761026-1', 'auto'); ga('send', 'pageview');\n\/\/ ]]><\/script><\/p>\n","protected":false},"excerpt":{"rendered":"<p>Veden\u00ed \u00fa\u010detnictv\u00ed a poradenstv\u00ed Komplexn\u00ed veden\u00ed \u00fa\u010detnictv\u00ed,\u00a0da\u0148ov\u00e9 evidence, mezd. Zpracov\u00e1n\u00ed dan\u011b z p\u0159\u00edjm\u016f FO, PO, DPH, dan\u011b silni\u010dn\u00ed a v\u0161ech ostatn\u00edch typ\u016f dan\u00ed. Poradensk\u00e9 slu\u017eby ohledn\u011b dan\u00ed a \u00fa\u010detnictv\u00ed a ostatn\u00ed \u00fa\u010detn\u00ed slu\u017eby, finan\u010dn\u00ed poradenstv\u00ed. M\u00e1m v\u00edce ne\u017e 25let praxe\u00a0v oboru, mou velkou devizou je vlastn\u00ed zku\u0161enost s dlouholet\u00fdm podnik\u00e1n\u00edm (stavebnictv\u00ed,v\u00fdroba oken,obchod,\u0161kolen\u00ed a dal\u0161\u00ed..) orienta\u010dn\u00ed &hellip;<\/p>\n<p class=\"read-more\"> <a class=\"\" href=\"https:\/\/contador.cz\/?page_id=23\"> <span class=\"screen-reader-text\">VEDEN\u00cd \u00da\u010cETNICTV\u00cd<\/span> Pokra\u010dovat ve \u010dten\u00ed &raquo;<\/a><\/p>\n","protected":false},"author":1,"featured_media":0,"parent":0,"menu_order":0,"comment_status":"open","ping_status":"closed","template":"","meta":{"site-sidebar-layout":"default","site-content-layout":"default","ast-global-header-display":"","ast-main-header-display":"","ast-hfb-above-header-display":"","ast-hfb-below-header-display":"","ast-hfb-mobile-header-display":"","site-post-title":"","ast-breadcrumbs-content":"","ast-featured-img":"","footer-sml-layout":"","theme-transparent-header-meta":"","adv-header-id-meta":"","stick-header-meta":"","header-above-stick-meta":"","header-main-stick-meta":"","header-below-stick-meta":""},"_links":{"self":[{"href":"https:\/\/contador.cz\/index.php?rest_route=\/wp\/v2\/pages\/23"}],"collection":[{"href":"https:\/\/contador.cz\/index.php?rest_route=\/wp\/v2\/pages"}],"about":[{"href":"https:\/\/contador.cz\/index.php?rest_route=\/wp\/v2\/types\/page"}],"author":[{"embeddable":true,"href":"https:\/\/contador.cz\/index.php?rest_route=\/wp\/v2\/users\/1"}],"replies":[{"embeddable":true,"href":"https:\/\/contador.cz\/index.php?rest_route=%2Fwp%2Fv2%2Fcomments&post=23"}],"version-history":[{"count":5,"href":"https:\/\/contador.cz\/index.php?rest_route=\/wp\/v2\/pages\/23\/revisions"}],"predecessor-version":[{"id":513,"href":"https:\/\/contador.cz\/index.php?rest_route=\/wp\/v2\/pages\/23\/revisions\/513"}],"wp:attachment":[{"href":"https:\/\/contador.cz\/index.php?rest_route=%2Fwp%2Fv2%2Fmedia&parent=23"}],"curies":[{"name":"wp","href":"https:\/\/api.w.org\/{rel}","templated":true}]}}